{"id":337,"date":"2018-11-02T12:49:20","date_gmt":"2018-11-02T12:49:20","guid":{"rendered":"http:\/\/localhost\/webproject\/?page_id=337"},"modified":"2021-06-19T00:25:01","modified_gmt":"2021-06-18T17:25:01","slug":"kautec-solutions","status":"publish","type":"page","link":"http:\/\/nhom-xingfa.com.vn\/?page_id=337","title":{"rendered":"Gi\u1edbi thi\u1ec7u chung"},"content":{"rendered":"<div class=\"row\"  id=\"row-68708410\">\n<div class=\"col medium-3 small-12 large-3\"  ><div class=\"col-inner\"  >\n<div class=\"row\"  id=\"row-248344431\">\r\n\r\n<div class=\"col small-12 large-12\"  ><div class=\"col-inner\"  >\r\n\r\n<p class=\"kautecg\" ><a href=\"http:\/\/nhom-xingfa.com.vn\/?page_id=244\">Gi\u1edbi Thi\u1ec7u <\/a><\/p>\r\n<div class=\"kautec-sub\">\r\n<ul>\r\n<li><a href=\"http:\/\/nhom-xingfa.com.vn\/?page_id=337\">Gi\u1edbi thi\u1ec7u chung<\/a><\/li>\r\n<li><a href=\"http:\/\/nhom-xingfa.com.vn\/?page_id=339\">T\u1ea7m nh\u00ecn s\u1ee9 m\u1ec7nh<\/a><\/li>\r\n<\/ul>\r\n<\/div>\r\n\r\n<\/div><\/div>\r\n\r\n<\/div>\n<\/div><\/div>\n<div class=\"col medium-9 small-12 large-9\"  ><div class=\"col-inner\" style=\"margin:0px 0px -145px 0px;\" >\n<div class=\"row\"  id=\"row-1351462113\">\n<div class=\"col medium-5 small-12 large-5\"  ><div class=\"col-inner\"  >\n\t<div class=\"img has-hover x md-x lg-x y md-y lg-y\" id=\"image_897853744\">\n\t\t<a class=\"image-lightbox lightbox-gallery\" href=\"http:\/\/nhom-xingfa.com.vn\/wp-content\/uploads\/2021\/06\/nhomxinfa2-1289x800.jpg\" title=\"\">\t\t\t\t\t\t<div class=\"img-inner image-cover dark\" style=\"padding-top:240px;\">\n\t\t\t<img loading=\"lazy\" decoding=\"async\" width=\"1020\" height=\"633\" src=\"http:\/\/nhom-xingfa.com.vn\/wp-content\/uploads\/2021\/06\/nhomxinfa2-1289x800.jpg\" class=\"attachment-large size-large\" alt=\"\" srcset=\"http:\/\/nhom-xingfa.com.vn\/wp-content\/uploads\/2021\/06\/nhomxinfa2-1289x800.jpg 1289w, http:\/\/nhom-xingfa.com.vn\/wp-content\/uploads\/2021\/06\/nhomxinfa2-644x400.jpg 644w, http:\/\/nhom-xingfa.com.vn\/wp-content\/uploads\/2021\/06\/nhomxinfa2-768x477.jpg 768w, http:\/\/nhom-xingfa.com.vn\/wp-content\/uploads\/2021\/06\/nhomxinfa2.jpg 1753w\" sizes=\"(max-width: 1020px) 100vw, 1020px\" \/>\t\t\t\t\t\t\n\t\t\t\t\t<\/div>\n\t\t\t\t\t\t<\/a>\t\t\n<style scope=\"scope\">\n\n#image_897853744 {\n  width: 100%;\n}\n<\/style>\n\t<\/div>\n\t\n<div class=\"row row-small\"  id=\"row-1010933509\">\n<div class=\"col medium-4 small-12 large-4\"  ><div class=\"col-inner\"  >\n\t<div class=\"img has-hover x md-x lg-x y md-y lg-y\" id=\"image_1561774895\">\n\t\t<a class=\"image-lightbox lightbox-gallery\" href=\"http:\/\/nhom-xingfa.com.vn\/wp-content\/uploads\/2021\/06\/nhomxinfa8-1400x773.jpg\" title=\"\">\t\t\t\t\t\t<div class=\"img-inner image-cover dark\" style=\"padding-top:89px;\">\n\t\t\t<img loading=\"lazy\" decoding=\"async\" width=\"1020\" height=\"563\" src=\"http:\/\/nhom-xingfa.com.vn\/wp-content\/uploads\/2021\/06\/nhomxinfa8-1400x773.jpg\" class=\"attachment-large size-large\" alt=\"\" srcset=\"http:\/\/nhom-xingfa.com.vn\/wp-content\/uploads\/2021\/06\/nhomxinfa8-1400x773.jpg 1400w, http:\/\/nhom-xingfa.com.vn\/wp-content\/uploads\/2021\/06\/nhomxinfa8-724x400.jpg 724w, http:\/\/nhom-xingfa.com.vn\/wp-content\/uploads\/2021\/06\/nhomxinfa8-768x424.jpg 768w, http:\/\/nhom-xingfa.com.vn\/wp-content\/uploads\/2021\/06\/nhomxinfa8.jpg 1753w\" sizes=\"(max-width: 1020px) 100vw, 1020px\" \/>\t\t\t\t\t\t\n\t\t\t\t\t<\/div>\n\t\t\t\t\t\t<\/a>\t\t\n<style scope=\"scope\">\n\n#image_1561774895 {\n  width: 100%;\n}\n<\/style>\n\t<\/div>\n\t\n<\/div><\/div>\n<div class=\"col medium-4 small-12 large-4\"  ><div class=\"col-inner\"  >\n\t<div class=\"img has-hover x md-x lg-x y md-y lg-y\" id=\"image_787905260\">\n\t\t<a class=\"image-lightbox lightbox-gallery\" href=\"http:\/\/nhom-xingfa.com.vn\/wp-content\/uploads\/2021\/06\/nhomxinfa1.jpg\" title=\"\">\t\t\t\t\t\t<div class=\"img-inner image-cover dark\" style=\"padding-top:89px;\">\n\t\t\t<img loading=\"lazy\" decoding=\"async\" width=\"1020\" height=\"372\" src=\"http:\/\/nhom-xingfa.com.vn\/wp-content\/uploads\/2021\/06\/nhomxinfa1.jpg\" class=\"attachment-large size-large\" alt=\"\" srcset=\"http:\/\/nhom-xingfa.com.vn\/wp-content\/uploads\/2021\/06\/nhomxinfa1.jpg 1132w, http:\/\/nhom-xingfa.com.vn\/wp-content\/uploads\/2021\/06\/nhomxinfa1-800x292.jpg 800w, http:\/\/nhom-xingfa.com.vn\/wp-content\/uploads\/2021\/06\/nhomxinfa1-768x280.jpg 768w\" sizes=\"(max-width: 1020px) 100vw, 1020px\" \/>\t\t\t\t\t\t\n\t\t\t\t\t<\/div>\n\t\t\t\t\t\t<\/a>\t\t\n<style scope=\"scope\">\n\n#image_787905260 {\n  width: 100%;\n}\n<\/style>\n\t<\/div>\n\t\n<\/div><\/div>\n<div class=\"col medium-4 small-12 large-4\"  ><div class=\"col-inner\"  >\n\t<div class=\"img has-hover x md-x lg-x y md-y lg-y\" id=\"image_1270910618\">\n\t\t<a class=\"image-lightbox lightbox-gallery\" href=\"http:\/\/nhom-xingfa.com.vn\/wp-content\/uploads\/2021\/06\/nhomxinfa4-1400x662.jpg\" title=\"\">\t\t\t\t\t\t<div class=\"img-inner image-cover dark\" style=\"padding-top:89px;\">\n\t\t\t<img loading=\"lazy\" decoding=\"async\" width=\"1020\" height=\"482\" src=\"http:\/\/nhom-xingfa.com.vn\/wp-content\/uploads\/2021\/06\/nhomxinfa4-1400x662.jpg\" class=\"attachment-large size-large\" alt=\"\" srcset=\"http:\/\/nhom-xingfa.com.vn\/wp-content\/uploads\/2021\/06\/nhomxinfa4-1400x662.jpg 1400w, http:\/\/nhom-xingfa.com.vn\/wp-content\/uploads\/2021\/06\/nhomxinfa4-800x378.jpg 800w, http:\/\/nhom-xingfa.com.vn\/wp-content\/uploads\/2021\/06\/nhomxinfa4-768x363.jpg 768w, http:\/\/nhom-xingfa.com.vn\/wp-content\/uploads\/2021\/06\/nhomxinfa4.jpg 1752w\" sizes=\"(max-width: 1020px) 100vw, 1020px\" \/>\t\t\t\t\t\t\n\t\t\t\t\t<\/div>\n\t\t\t\t\t\t<\/a>\t\t\n<style scope=\"scope\">\n\n#image_1270910618 {\n  width: 100%;\n}\n<\/style>\n\t<\/div>\n\t\n<\/div><\/div>\n\n<style scope=\"scope\">\n\n<\/style>\n<\/div>\n<\/div><\/div>\n<div class=\"col medium-7 small-12 large-7\"  ><div class=\"col-inner\"  >\n<h2 class=\"thin-font\">Gi\u1edbi thi\u1ec7u chung<\/h2>\n<p>Nha\u0300 ma\u0301y nh\u00f4m XINGFA thu\u00f4\u0323c c\u00f4ng ty c\u00f4\u0309 ph\u00e2\u0300n sa\u0309n xu\u00e2\u0301t nh\u00f4m XINGFA la\u0300 \u0111\u01a1n vi\u0323 chi\u0301nh th\u01b0\u0301c va\u0300 duy nh\u00e2\u0301t sa\u0309n xu\u00e2\u0301t thanh Profile \u0111i\u0323nh hi\u0300nh XINGFA cao c\u00e2\u0301p mang th\u01b0\u01a1ng hi\u00ea\u0323u VI XINGF ALUMI ta\u0323i Vi\u00ea\u0323t Nam v\u01a1\u0301i ch\u01b0\u0301ng nh\u00e2\u0323n th\u01b0\u01a1ng hi\u00ea\u0323u ba\u0309n quy\u00ea\u0300n s\u00f4\u0301 26710\/Q\u0110\/SHTT va\u0300 66388\/Q\u0110\/SHTT.<\/p>\n<p>Nha\u0300 Ma\u0301y Nh\u00f4m XINGFA la\u0300 \u0111\u01a1n vi\u0323 tr\u01b0\u0323c thu\u00f4\u0323c c\u00f4ng ty c\u00f4\u0309 ph\u00e2\u0300n sa\u0309n xu\u00e2\u0301t nh\u00f4m XINGFA \u00a0&#8211; Nha\u0300 Ma\u0301y Nh\u00f4m XINGFA. \u0110\u01b0\u01a1\u0323c tha\u0300nh l\u00e2\u0323p tr\u00ean v\u00f4\u0301n go\u0301p cu\u0309a ca\u0301c b\u00ean: C\u00f4ng ty c\u00f4\u0309 ph\u00e2\u0300n Nh\u00f4m Vi\u00ea\u0323t Pha\u0301p &#8211; Nha\u0300 ma\u0301y Nh\u00f4m Vi\u00ea\u0323t Pha\u0301p; C\u00f4ng ty TNHH L\u00f4\u0323c Tr\u01b0\u01a1\u0300ng Xu\u00e2n; C\u00f4ng ty TNHH sa\u0309n xu\u00e2\u0301t c\u00f4ng nghi\u00ea\u0323p Hoa\u0300ng Pha\u0301t.<\/p>\n<p>Nha\u0300 ma\u0301y \u0111\u01b0\u01a1\u0323c trang bi\u0323 d\u00e2y chuy\u00ea\u0300n c\u00f4ng ngh\u00ea\u0323 hi\u00ea\u0323n \u0111a\u0323i, t\u01b0\u0300 kh\u00e2u luy\u00ea\u0323n ph\u00f4i t\u01a1\u0301i \u0111u\u0300n e\u0301p va\u0300 s\u01a1n phu\u0309 b\u00ea\u0300 m\u0103\u0323t. Ca\u0301c thi\u00ea\u0301t bi\u0323 hi\u00ea\u0323n \u0111a\u0323i cu\u0309a c\u00f4ng ty co\u0301 ngu\u00f4\u0300n g\u00f4\u0301c xu\u00e2\u0301t x\u01b0\u0301 t\u01b0\u0300 C\u00f4ng Ho\u0300a Li\u00ean Bang \u0110\u01b0\u0301c va\u0300 \u0110a\u0300i B\u0103\u0301c.<\/p>\n<p>Sa\u0309n ph\u00e2\u0309m mang th\u01b0\u01a1ng hi\u00ea\u0323u VI XINGF ALUMI \u0111a\u0303 \u0111\u01b0\u01a1\u0323c ki\u00ea\u0309m ch\u01b0\u0301ng ta\u0323i ca\u0301c c\u00f4ng tri\u0300nh Cao \u00d4\u0301C, Bi\u00ea\u0323t Th\u01b0\u0323&#8230; tr\u00ean toa\u0300n la\u0303nh th\u00f4\u0309 Vi\u00ea\u0323t Nam, m\u00f4\u0323t s\u00f4\u0301 n\u01b0\u01a1\u0301c A\u0309 R\u00e2\u0323p cu\u0303ng nh\u01b0 trong khu v\u01b0\u0323c \u0110\u00f4ng Nam A\u0301.<\/p>\n<p>V\u1edbi \u0111\u00f4\u0323i ngu\u0303 ky\u0303 thu\u00e2\u0323t \u0111\u01b0\u01a1\u0323c \u0111a\u0300o ta\u0323o ba\u0300i ba\u0309n, \u0111a\u0303 ta\u0323o cho VI XINGF ALUMI m\u00f4\u0323t ch\u00e2\u0301t l\u01b0\u01a1\u0323ng mang t\u00e2\u0300m \u0110\u0103\u0309ng C\u00e2\u0301p Qu\u00f4\u0301c T\u00ea\u0301. Mang t\u01a1\u0301i cho ca\u0301c c\u00f4ng tri\u0300nh m\u00f4\u0323t ne\u0301t ki\u00ea\u0301n tru\u0301c &#8221; \u0110\u00e2\u0323m Ch\u00e2\u0301t Ph\u01b0\u01a1ng \u0110\u00f4ng Hi\u00ea\u0323n \u0110a\u0323i&#8221;.<\/p>\n<p>\u00a0<\/p>\n<\/div><\/div>\n<\/div>\n<\/div><\/div>\n<\/div>\n","protected":false},"excerpt":{"rendered":"","protected":false},"author":1,"featured_media":0,"parent":244,"menu_order":0,"comment_status":"closed","ping_status":"closed","template":"","meta":{"footnotes":""},"_links":{"self":[{"href":"http:\/\/nhom-xingfa.com.vn\/index.php?rest_route=\/wp\/v2\/pages\/337"}],"collection":[{"href":"http:\/\/nhom-xingfa.com.vn\/index.php?rest_route=\/wp\/v2\/pages"}],"about":[{"href":"http:\/\/nhom-xingfa.com.vn\/index.php?rest_route=\/wp\/v2\/types\/page"}],"author":[{"embeddable":true,"href":"http:\/\/nhom-xingfa.com.vn\/index.php?rest_route=\/wp\/v2\/users\/1"}],"replies":[{"embeddable":true,"href":"http:\/\/nhom-xingfa.com.vn\/index.php?rest_route=%2Fwp%2Fv2%2Fcomments&post=337"}],"version-history":[{"count":17,"href":"http:\/\/nhom-xingfa.com.vn\/index.php?rest_route=\/wp\/v2\/pages\/337\/revisions"}],"predecessor-version":[{"id":1186,"href":"http:\/\/nhom-xingfa.com.vn\/index.php?rest_route=\/wp\/v2\/pages\/337\/revisions\/1186"}],"up":[{"embeddable":true,"href":"http:\/\/nhom-xingfa.com.vn\/index.php?rest_route=\/wp\/v2\/pages\/244"}],"wp:attachment":[{"href":"http:\/\/nhom-xingfa.com.vn\/index.php?rest_route=%2Fwp%2Fv2%2Fmedia&parent=337"}],"curies":[{"name":"wp","href":"https:\/\/api.w.org\/{rel}","templated":true}]}}